{"id":3,"date":"2021-08-28T10:22:27","date_gmt":"2021-08-28T10:22:27","guid":{"rendered":"https:\/\/hmdeveloper.com.pt\/avenida50\/?page_id=3"},"modified":"2021-12-02T15:02:54","modified_gmt":"2021-12-02T15:02:54","slug":"politica-privacidade","status":"publish","type":"page","link":"https:\/\/avenida50.com\/en\/politica-privacidade\/","title":{"rendered":"Privacy Policy"},"content":{"rendered":"<div data-elementor-type=\"wp-page\" data-elementor-id=\"3\" class=\"elementor elementor-3\">\n\t\t\t\t\t\t<section class=\"elementor-section elementor-top-section elementor-element elementor-element-53778cc5 elementor-section-boxed elementor-section-height-default elementor-section-height-default wd-section-disabled\" data-id=\"53778cc5\" data-element_type=\"section\">\n\t\t\t\t\t\t<div class=\"elementor-container elementor-column-gap-default\">\n\t\t\t\t\t<div class=\"elementor-column elementor-col-100 elementor-top-column elementor-element elementor-element-6f7fc006\" data-id=\"6f7fc006\" data-element_type=\"column\">\n\t\t\t<div class=\"elementor-widget-wrap elementor-element-populated\">\n\t\t\t\t\t\t<div class=\"elementor-element elementor-element-81199d5 elementor-widget elementor-widget-heading\" data-id=\"81199d5\" data-element_type=\"widget\" data-widget_type=\"heading.default\">\n\t\t\t\t<div class=\"elementor-widget-container\">\n\t\t\t<style>\/*! elementor - v3.20.0 - 26-03-2024 *\/\n.elementor-heading-title{padding:0;margin:0;line-height:1}.elementor-widget-heading .elementor-heading-title[class*=elementor-size-]>a{color:inherit;font-size:inherit;line-height:inherit}.elementor-widget-heading .elementor-heading-title.elementor-size-small{font-size:15px}.elementor-widget-heading .elementor-heading-title.elementor-size-medium{font-size:19px}.elementor-widget-heading .elementor-heading-title.elementor-size-large{font-size:29px}.elementor-widget-heading .elementor-heading-title.elementor-size-xl{font-size:39px}.elementor-widget-heading .elementor-heading-title.elementor-size-xxl{font-size:59px}<\/style><h2 class=\"elementor-heading-title elementor-size-default\">WHO WE ARE<\/h2>\t\t<\/div>\n\t\t\t\t<\/div>\n\t\t\t\t<div class=\"elementor-element elementor-element-68ae625 color-scheme-inherit text-left elementor-widget elementor-widget-text-editor\" data-id=\"68ae625\" data-element_type=\"widget\" data-widget_type=\"text-editor.default\">\n\t\t\t\t<div class=\"elementor-widget-container\">\n\t\t\t<style>\/*! elementor - v3.20.0 - 26-03-2024 *\/\n.elementor-widget-text-editor.elementor-drop-cap-view-stacked .elementor-drop-cap{background-color:#69727d;color:#fff}.elementor-widget-text-editor.elementor-drop-cap-view-framed .elementor-drop-cap{color:#69727d;border:3px solid;background-color:transparent}.elementor-widget-text-editor:not(.elementor-drop-cap-view-default) .elementor-drop-cap{margin-top:8px}.elementor-widget-text-editor:not(.elementor-drop-cap-view-default) .elementor-drop-cap-letter{width:1em;height:1em}.elementor-widget-text-editor .elementor-drop-cap{float:left;text-align:center;line-height:1;font-size:50px}.elementor-widget-text-editor .elementor-drop-cap-letter{display:inline-block}<\/style>\t\t\t\t<p>The address of our website is: https:\/\/avenida50.com...<\/p>\t\t\t\t\t\t<\/div>\n\t\t\t\t<\/div>\n\t\t\t\t<div class=\"elementor-element elementor-element-00aa42d elementor-widget elementor-widget-heading\" data-id=\"00aa42d\" data-element_type=\"widget\" data-widget_type=\"heading.default\">\n\t\t\t\t<div class=\"elementor-widget-container\">\n\t\t\t<h2 class=\"elementor-heading-title elementor-size-default\">COMMENTS<\/h2>\t\t<\/div>\n\t\t\t\t<\/div>\n\t\t\t\t<div class=\"elementor-element elementor-element-44547f2 color-scheme-inherit text-left elementor-widget elementor-widget-text-editor\" data-id=\"44547f2\" data-element_type=\"widget\" data-widget_type=\"text-editor.default\">\n\t\t\t\t<div class=\"elementor-widget-container\">\n\t\t\t\t\t\t\t<p>When visitors leave comments on the site, the data in the comments form, as well as the IP address and browser user agent, are saved to help with spam detection.<\/p>\n<p><!-- \/wp:paragraph --><!-- wp:paragraph --><\/p>\t\t\t\t\t\t<\/div>\n\t\t\t\t<\/div>\n\t\t\t\t<div class=\"elementor-element elementor-element-35f6e36 elementor-widget elementor-widget-heading\" data-id=\"35f6e36\" data-element_type=\"widget\" data-widget_type=\"heading.default\">\n\t\t\t\t<div class=\"elementor-widget-container\">\n\t\t\t<h2 class=\"elementor-heading-title elementor-size-default\">MULTIMEDIA<\/h2>\t\t<\/div>\n\t\t\t\t<\/div>\n\t\t\t\t<div class=\"elementor-element elementor-element-19c82fc color-scheme-inherit text-left elementor-widget elementor-widget-text-editor\" data-id=\"19c82fc\" data-element_type=\"widget\" data-widget_type=\"text-editor.default\">\n\t\t\t\t<div class=\"elementor-widget-container\">\n\t\t\t\t\t\t\t<p><strong class=\"privacy-policy-tutorial\">&nbsp;<\/strong>When uploading images to the website, you should avoid uploading images with embedded geolocation data (EXIF GPS). Visitors can download and extract geolocation data from the site's images.<\/p>\t\t\t\t\t\t<\/div>\n\t\t\t\t<\/div>\n\t\t\t\t<div class=\"elementor-element elementor-element-cf9f9e8 elementor-widget elementor-widget-heading\" data-id=\"cf9f9e8\" data-element_type=\"widget\" data-widget_type=\"heading.default\">\n\t\t\t\t<div class=\"elementor-widget-container\">\n\t\t\t<h2 class=\"elementor-heading-title elementor-size-default\">COOKIES<\/h2>\t\t<\/div>\n\t\t\t\t<\/div>\n\t\t\t\t<div class=\"elementor-element elementor-element-996d36a color-scheme-inherit text-left elementor-widget elementor-widget-text-editor\" data-id=\"996d36a\" data-element_type=\"widget\" data-widget_type=\"text-editor.default\">\n\t\t\t\t<div class=\"elementor-widget-container\">\n\t\t\t\t\t\t\t<p>If you leave a comment on our website, you can choose to save your name, email address and website in cookies. This is for your convenience so you don't have to re-enter your details when you leave another comment. These cookies will last for a year.<\/p>\n<p><!-- \/wp:paragraph --><!-- wp:paragraph --><\/p>\n<p>If you visit the login page, a temporary cookie will be set to determine if your browser accepts cookies. This cookie does not contain personal data and will be deleted when you close your browser.<\/p>\n<p><!-- \/wp:paragraph --><!-- wp:paragraph --><\/p>\n<p>When you log in, some cookies will be set to store your session information and your screen view choices. Login cookies last for one year. If you select \u201cRemember me\u201d, your session will persist for two weeks. When you log out, login cookies will be removed.<\/p>\n<p><!-- \/wp:paragraph --><!-- wp:paragraph --><\/p>\n<p>If you edit or post an article, an additional cookie will be saved in your browser. This cookie does not include personal data, it only indicates the content ID of the article you have just edited. It expires after 1 day.<\/p>\t\t\t\t\t\t<\/div>\n\t\t\t\t<\/div>\n\t\t\t\t<div class=\"elementor-element elementor-element-a4dc718 elementor-widget elementor-widget-heading\" data-id=\"a4dc718\" data-element_type=\"widget\" data-widget_type=\"heading.default\">\n\t\t\t\t<div class=\"elementor-widget-container\">\n\t\t\t<h2 class=\"elementor-heading-title elementor-size-default\">Embedded content from other websites<\/h2>\t\t<\/div>\n\t\t\t\t<\/div>\n\t\t\t\t<div class=\"elementor-element elementor-element-9d44c48 color-scheme-inherit text-left elementor-widget elementor-widget-text-editor\" data-id=\"9d44c48\" data-element_type=\"widget\" data-widget_type=\"text-editor.default\">\n\t\t\t\t<div class=\"elementor-widget-container\">\n\t\t\t\t\t\t\t<p>Articles on this site may include embedded content (eg, videos, images, articles, etc.). Embedded content from other websites behaves as if the user were visiting those websites.<\/p>\n<p><!-- \/wp:paragraph --><!-- wp:paragraph --><\/p>\n<p>This site may collect data about you, use cookies, incorporate third-party tracking, monitor your interactions with it, including recording interactions with embedded content if you have an account and are logged in to that site.<\/p>\t\t\t\t\t\t<\/div>\n\t\t\t\t<\/div>\n\t\t\t\t<div class=\"elementor-element elementor-element-082feb8 elementor-widget elementor-widget-heading\" data-id=\"082feb8\" data-element_type=\"widget\" data-widget_type=\"heading.default\">\n\t\t\t\t<div class=\"elementor-widget-container\">\n\t\t\t<h2 class=\"elementor-heading-title elementor-size-default\">With whom your data is shared<\/h2>\t\t<\/div>\n\t\t\t\t<\/div>\n\t\t\t\t<div class=\"elementor-element elementor-element-39319a2 color-scheme-inherit text-left elementor-widget elementor-widget-text-editor\" data-id=\"39319a2\" data-element_type=\"widget\" data-widget_type=\"text-editor.default\">\n\t\t\t\t<div class=\"elementor-widget-container\">\n\t\t\t\t\t\t\t<p>If you request a password reset, your IP address will be included in the reset email.<\/p>\t\t\t\t\t\t<\/div>\n\t\t\t\t<\/div>\n\t\t\t\t<div class=\"elementor-element elementor-element-0c7abdf elementor-widget elementor-widget-heading\" data-id=\"0c7abdf\" data-element_type=\"widget\" data-widget_type=\"heading.default\">\n\t\t\t\t<div class=\"elementor-widget-container\">\n\t\t\t<h2 class=\"elementor-heading-title elementor-size-default\">How long are your data retained<\/h2>\t\t<\/div>\n\t\t\t\t<\/div>\n\t\t\t\t<div class=\"elementor-element elementor-element-aec58fe color-scheme-inherit text-left elementor-widget elementor-widget-text-editor\" data-id=\"aec58fe\" data-element_type=\"widget\" data-widget_type=\"text-editor.default\">\n\t\t\t\t<div class=\"elementor-widget-container\">\n\t\t\t\t\t\t\t<p>If you leave a comment, the comment and its metadata are saved indefinitely. This is so that you can automatically recognize and approve any comments that follow, rather than putting them in a moderation queue.<\/p>\n<p><!-- \/wp:paragraph --><!-- wp:paragraph --><\/p>\n<p>For users who register on our site (if any), we store the personal information you provide in your user profile. All users can view, edit, or delete their personal information at any time (with the exception that they cannot change their username). Site administrators can also view and edit this information.<\/p>\t\t\t\t\t\t<\/div>\n\t\t\t\t<\/div>\n\t\t\t\t<div class=\"elementor-element elementor-element-c1a6fe1 elementor-widget elementor-widget-heading\" data-id=\"c1a6fe1\" data-element_type=\"widget\" data-widget_type=\"heading.default\">\n\t\t\t\t<div class=\"elementor-widget-container\">\n\t\t\t<h2 class=\"elementor-heading-title elementor-size-default\">What rights do you have to your data?<\/h2>\t\t<\/div>\n\t\t\t\t<\/div>\n\t\t\t\t<div class=\"elementor-element elementor-element-5f63c37 color-scheme-inherit text-left elementor-widget elementor-widget-text-editor\" data-id=\"5f63c37\" data-element_type=\"widget\" data-widget_type=\"text-editor.default\">\n\t\t\t\t<div class=\"elementor-widget-container\">\n\t\t\t\t\t\t\t<p>If you have an account on this site, or have left comments, you can request to receive an export file with the personal data stored about you, including any personal data you have provided. You can also request that the saved data be deleted. This does not include any personal data that you are required to keep for administrative, legal or security purposes.<\/p>\t\t\t\t\t\t<\/div>\n\t\t\t\t<\/div>\n\t\t\t\t<div class=\"elementor-element elementor-element-5da14e2 elementor-widget elementor-widget-heading\" data-id=\"5da14e2\" data-element_type=\"widget\" data-widget_type=\"heading.default\">\n\t\t\t\t<div class=\"elementor-widget-container\">\n\t\t\t<h2 class=\"elementor-heading-title elementor-size-default\">Where are your data sent?<\/h2>\t\t<\/div>\n\t\t\t\t<\/div>\n\t\t\t\t<div class=\"elementor-element elementor-element-c73b31d color-scheme-inherit text-left elementor-widget elementor-widget-text-editor\" data-id=\"c73b31d\" data-element_type=\"widget\" data-widget_type=\"text-editor.default\">\n\t\t\t\t<div class=\"elementor-widget-container\">\n\t\t\t\t\t\t\t<p>Visitors' comments can be checked through an automatic spam detection service.<\/p>\t\t\t\t\t\t<\/div>\n\t\t\t\t<\/div>\n\t\t\t\t\t<\/div>\n\t\t<\/div>\n\t\t\t\t\t<\/div>\n\t\t<\/section>\n\t\t\t\t<\/div>","protected":false},"excerpt":{"rendered":"<p>QUEM SOMOS O endere\u00e7o do nosso site \u00e9: https:\/\/avenida50.com.. COMENT\u00c1RIOS Quando os visitantes deixam coment\u00e1rios no site, s\u00e3o guardados os<\/p>","protected":false},"author":1,"featured_media":0,"parent":0,"menu_order":0,"comment_status":"closed","ping_status":"open","template":"","meta":{"footnotes":""},"class_list":["post-3","page","type-page","status-publish","hentry"],"yoast_head":"<!-- This site is optimized with the Yoast SEO plugin v22.3 - https:\/\/yoast.com\/wordpress\/plugins\/seo\/ -->\n<title>Pol\u00edtica de privacidade - Avenida 50<\/title>\n<meta name=\"robots\" content=\"index, follow, max-snippet:-1, max-image-preview:large, max-video-preview:-1\" \/>\n<link rel=\"canonical\" href=\"https:\/\/avenida50.com\/en\/politica-privacidade\/\" \/>\n<meta property=\"og:locale\" content=\"en_US\" \/>\n<meta property=\"og:type\" content=\"article\" \/>\n<meta property=\"og:title\" content=\"Pol\u00edtica de privacidade - Avenida 50\" \/>\n<meta property=\"og:description\" content=\"QUEM SOMOS O endere\u00e7o do nosso site \u00e9: https:\/\/avenida50.com.. COMENT\u00c1RIOS Quando os visitantes deixam coment\u00e1rios no site, s\u00e3o guardados os\" \/>\n<meta property=\"og:url\" content=\"https:\/\/avenida50.com\/en\/politica-privacidade\/\" \/>\n<meta property=\"og:site_name\" content=\"Avenida 50\" \/>\n<meta property=\"article:modified_time\" content=\"2021-12-02T15:02:54+00:00\" \/>\n<meta name=\"twitter:card\" content=\"summary_large_image\" \/>\n<meta name=\"twitter:label1\" content=\"Est. reading time\" \/>\n\t<meta name=\"twitter:data1\" content=\"3 minutes\" \/>\n<script type=\"application\/ld+json\" class=\"yoast-schema-graph\">{\"@context\":\"https:\/\/schema.org\",\"@graph\":[{\"@type\":\"WebPage\",\"@id\":\"https:\/\/avenida50.com\/politica-privacidade\/\",\"url\":\"https:\/\/avenida50.com\/politica-privacidade\/\",\"name\":\"Pol\u00edtica de privacidade - Avenida 50\",\"isPartOf\":{\"@id\":\"https:\/\/avenida50.com\/#website\"},\"datePublished\":\"2021-08-28T10:22:27+00:00\",\"dateModified\":\"2021-12-02T15:02:54+00:00\",\"breadcrumb\":{\"@id\":\"https:\/\/avenida50.com\/politica-privacidade\/#breadcrumb\"},\"inLanguage\":\"en-US\",\"potentialAction\":[{\"@type\":\"ReadAction\",\"target\":[\"https:\/\/avenida50.com\/politica-privacidade\/\"]}]},{\"@type\":\"BreadcrumbList\",\"@id\":\"https:\/\/avenida50.com\/politica-privacidade\/#breadcrumb\",\"itemListElement\":[{\"@type\":\"ListItem\",\"position\":1,\"name\":\"In\u00edcio\",\"item\":\"https:\/\/avenida50.com\/\"},{\"@type\":\"ListItem\",\"position\":2,\"name\":\"Pol\u00edtica de privacidade\"}]},{\"@type\":\"WebSite\",\"@id\":\"https:\/\/avenida50.com\/#website\",\"url\":\"https:\/\/avenida50.com\/\",\"name\":\"Avenida 50\",\"description\":\"You Have the Vision \\r\\nWe Make the Plan\",\"potentialAction\":[{\"@type\":\"SearchAction\",\"target\":{\"@type\":\"EntryPoint\",\"urlTemplate\":\"https:\/\/avenida50.com\/?s={search_term_string}\"},\"query-input\":\"required name=search_term_string\"}],\"inLanguage\":\"en-US\"}]}<\/script>\n<!-- \/ Yoast SEO plugin. -->","yoast_head_json":{"title":"Pol\u00edtica de privacidade - Avenida 50","robots":{"index":"index","follow":"follow","max-snippet":"max-snippet:-1","max-image-preview":"max-image-preview:large","max-video-preview":"max-video-preview:-1"},"canonical":"https:\/\/avenida50.com\/en\/politica-privacidade\/","og_locale":"en_US","og_type":"article","og_title":"Pol\u00edtica de privacidade - Avenida 50","og_description":"QUEM SOMOS O endere\u00e7o do nosso site \u00e9: https:\/\/avenida50.com.. COMENT\u00c1RIOS Quando os visitantes deixam coment\u00e1rios no site, s\u00e3o guardados os","og_url":"https:\/\/avenida50.com\/en\/politica-privacidade\/","og_site_name":"Avenida 50","article_modified_time":"2021-12-02T15:02:54+00:00","twitter_card":"summary_large_image","twitter_misc":{"Est. reading time":"3 minutes"},"schema":{"@context":"https:\/\/schema.org","@graph":[{"@type":"WebPage","@id":"https:\/\/avenida50.com\/politica-privacidade\/","url":"https:\/\/avenida50.com\/politica-privacidade\/","name":"Pol\u00edtica de privacidade - Avenida 50","isPartOf":{"@id":"https:\/\/avenida50.com\/#website"},"datePublished":"2021-08-28T10:22:27+00:00","dateModified":"2021-12-02T15:02:54+00:00","breadcrumb":{"@id":"https:\/\/avenida50.com\/politica-privacidade\/#breadcrumb"},"inLanguage":"en-US","potentialAction":[{"@type":"ReadAction","target":["https:\/\/avenida50.com\/politica-privacidade\/"]}]},{"@type":"BreadcrumbList","@id":"https:\/\/avenida50.com\/politica-privacidade\/#breadcrumb","itemListElement":[{"@type":"ListItem","position":1,"name":"In\u00edcio","item":"https:\/\/avenida50.com\/"},{"@type":"ListItem","position":2,"name":"Pol\u00edtica de privacidade"}]},{"@type":"WebSite","@id":"https:\/\/avenida50.com\/#website","url":"https:\/\/avenida50.com\/","name":"Avenida 50","description":"You Have the Vision \r\nWe Make the Plan","potentialAction":[{"@type":"SearchAction","target":{"@type":"EntryPoint","urlTemplate":"https:\/\/avenida50.com\/?s={search_term_string}"},"query-input":"required name=search_term_string"}],"inLanguage":"en-US"}]}},"_links":{"self":[{"href":"https:\/\/avenida50.com\/en\/wp-json\/wp\/v2\/pages\/3","targetHints":{"allow":["GET"]}}],"collection":[{"href":"https:\/\/avenida50.com\/en\/wp-json\/wp\/v2\/pages"}],"about":[{"href":"https:\/\/avenida50.com\/en\/wp-json\/wp\/v2\/types\/page"}],"author":[{"embeddable":true,"href":"https:\/\/avenida50.com\/en\/wp-json\/wp\/v2\/users\/1"}],"replies":[{"embeddable":true,"href":"https:\/\/avenida50.com\/en\/wp-json\/wp\/v2\/comments?post=3"}],"version-history":[{"count":7,"href":"https:\/\/avenida50.com\/en\/wp-json\/wp\/v2\/pages\/3\/revisions"}],"predecessor-version":[{"id":10011,"href":"https:\/\/avenida50.com\/en\/wp-json\/wp\/v2\/pages\/3\/revisions\/10011"}],"wp:attachment":[{"href":"https:\/\/avenida50.com\/en\/wp-json\/wp\/v2\/media?parent=3"}],"curies":[{"name":"wp","href":"https:\/\/api.w.org\/{rel}","templated":true}]}}