{"id":9720,"date":"2021-11-30T10:10:34","date_gmt":"2021-11-30T10:10:34","guid":{"rendered":"https:\/\/hmdeveloper.com.pt\/avenida50\/?page_id=9720"},"modified":"2021-12-03T21:22:31","modified_gmt":"2021-12-03T21:22:31","slug":"termos-e-condicoes","status":"publish","type":"page","link":"https:\/\/avenida50.com\/en\/termos-e-condicoes\/","title":{"rendered":"Termos e condi\u00e7\u00f5es"},"content":{"rendered":"<div data-elementor-type=\"wp-page\" data-elementor-id=\"9720\" class=\"elementor elementor-9720\">\n\t\t\t\t\t\t<section class=\"elementor-section elementor-top-section elementor-element elementor-element-3b82ddd elementor-section-boxed elementor-section-height-default elementor-section-height-default wd-section-disabled\" data-id=\"3b82ddd\" data-element_type=\"section\">\n\t\t\t\t\t\t<div class=\"elementor-container elementor-column-gap-default\">\n\t\t\t\t\t<div class=\"elementor-column elementor-col-100 elementor-top-column elementor-element elementor-element-14acd1a\" data-id=\"14acd1a\" data-element_type=\"column\">\n\t\t\t<div class=\"elementor-widget-wrap elementor-element-populated\">\n\t\t\t\t\t\t<div class=\"elementor-element elementor-element-5a7c98e elementor-widget elementor-widget-heading\" data-id=\"5a7c98e\" data-element_type=\"widget\" data-widget_type=\"heading.default\">\n\t\t\t\t<div class=\"elementor-widget-container\">\n\t\t\t<style>\/*! elementor - v3.20.0 - 26-03-2024 *\/\n.elementor-heading-title{padding:0;margin:0;line-height:1}.elementor-widget-heading .elementor-heading-title[class*=elementor-size-]>a{color:inherit;font-size:inherit;line-height:inherit}.elementor-widget-heading .elementor-heading-title.elementor-size-small{font-size:15px}.elementor-widget-heading .elementor-heading-title.elementor-size-medium{font-size:19px}.elementor-widget-heading .elementor-heading-title.elementor-size-large{font-size:29px}.elementor-widget-heading .elementor-heading-title.elementor-size-xl{font-size:39px}.elementor-widget-heading .elementor-heading-title.elementor-size-xxl{font-size:59px}<\/style><h2 class=\"elementor-heading-title elementor-size-default\">TERMS AND CONDITIONS<\/h2>\t\t<\/div>\n\t\t\t\t<\/div>\n\t\t\t\t<div class=\"elementor-element elementor-element-67d2328 color-scheme-inherit text-left elementor-widget elementor-widget-text-editor\" data-id=\"67d2328\" data-element_type=\"widget\" data-widget_type=\"text-editor.default\">\n\t\t\t\t<div class=\"elementor-widget-container\">\n\t\t\t<style>\/*! elementor - v3.20.0 - 26-03-2024 *\/\n.elementor-widget-text-editor.elementor-drop-cap-view-stacked .elementor-drop-cap{background-color:#69727d;color:#fff}.elementor-widget-text-editor.elementor-drop-cap-view-framed .elementor-drop-cap{color:#69727d;border:3px solid;background-color:transparent}.elementor-widget-text-editor:not(.elementor-drop-cap-view-default) .elementor-drop-cap{margin-top:8px}.elementor-widget-text-editor:not(.elementor-drop-cap-view-default) .elementor-drop-cap-letter{width:1em;height:1em}.elementor-widget-text-editor .elementor-drop-cap{float:left;text-align:center;line-height:1;font-size:50px}.elementor-widget-text-editor .elementor-drop-cap-letter{display:inline-block}<\/style>\t\t\t\t<p>This document sets out the general conditions for accessing the website of Sociedade Avenida50, Lda, understood as website all pages and their contents accessed through the domain avenida50.com.<\/p><p>AVENIDA50, LDA. reserves the right to unilaterally modify these general conditions of access and use, in order to adapt them to current legislation. The user of any of the services on the AVENIDA50, LDA website. implies the express acceptance and adherence to these general conditions in the version appearing on the website at the date the user accesses.<\/p><p>\u00a0The information and\/or content on this website are the responsibility of AVENIDA50, LDA. The information provided is for information purposes only and may be presented in the form of images, photographs, features, among others, they are not a contractual offer for legal purposes, they are not exhaustive, so they do not exempt the consultation of the applicable legislation and competent authorities.<\/p><p>The user, under the terms of the law and these terms of use, undertakes to:<\/p><p>Do not use the website in a way that is likely to violate the legally protected positions of Avenida50, Lda or Third Parties;<\/p><p>To make responsible, prudent and careful use;<\/p><p>Not to disturb or degrade the continuity, integrity and quality of the Website's features and functionality.<\/p><p>The user must refrain from trying to obtain any type of material or content available on this Website, through means or procedures other than those made available to them or those commonly used on the Internet for this purpose and cannot, in any in this case, use a method that affects the functionality of the Website or any application. The user may not use or exploit the services commercially, in any way or in any support, including their images, contents, materials and functionalities.<\/p><p>The design and conception of the items listed in <a href=\"https:\/\/avenida50.com\/en\/\">www.avenida50.com<\/a>, belong to the brand AVENIDA50\u00ae so it is expressly prohibited to re-use, duplicate or alter any item. It is also prohibited to share digital files, edit them or claim authorship over them.<\/p><p>Despite the brand's commitment to quality and perfection, the products developed include handmade pieces, which may contain small imperfections and discrepancies from item to item, which are part of the authenticity and value of the handcrafted works.<\/p><p>All products are subject to change without notice. We reserve the right, at any time, to modify or discontinue products or any part of their content. In accordance with our design standards, any replacement will not occur for items of inferior quality or aesthetics.<\/p><p>The user of avenida50.com is bound by the acceptance and respect for the conditions expressed herein.<\/p>\t\t\t\t\t\t<\/div>\n\t\t\t\t<\/div>\n\t\t\t\t\t<\/div>\n\t\t<\/div>\n\t\t\t\t\t<\/div>\n\t\t<\/section>\n\t\t\t\t<\/div>","protected":false},"excerpt":{"rendered":"<p>TERMOS E CONDI\u00c7\u00d5ES O presente documento estabele as condi\u00e7\u00f5es gerais de acesso de utiliza\u00e7\u00e3o do Website da Sociedade Avenida50, Lda,<\/p>","protected":false},"author":1,"featured_media":0,"parent":0,"menu_order":0,"comment_status":"closed","ping_status":"closed","template":"","meta":{"footnotes":""},"class_list":["post-9720","page","type-page","status-publish","hentry"],"yoast_head":"<!-- This site is optimized with the Yoast SEO plugin v22.3 - https:\/\/yoast.com\/wordpress\/plugins\/seo\/ -->\n<title>Termos e condi\u00e7\u00f5es - Avenida 50<\/title>\n<meta name=\"robots\" content=\"index, follow, max-snippet:-1, max-image-preview:large, max-video-preview:-1\" \/>\n<link rel=\"canonical\" href=\"https:\/\/avenida50.com\/en\/termos-e-condicoes\/\" \/>\n<meta property=\"og:locale\" content=\"en_US\" \/>\n<meta property=\"og:type\" content=\"article\" \/>\n<meta property=\"og:title\" content=\"Termos e condi\u00e7\u00f5es - Avenida 50\" \/>\n<meta property=\"og:description\" content=\"TERMOS E CONDI\u00c7\u00d5ES O presente documento estabele as condi\u00e7\u00f5es gerais de acesso de utiliza\u00e7\u00e3o do Website da Sociedade Avenida50, Lda,\" \/>\n<meta property=\"og:url\" content=\"https:\/\/avenida50.com\/en\/termos-e-condicoes\/\" \/>\n<meta property=\"og:site_name\" content=\"Avenida 50\" \/>\n<meta property=\"article:modified_time\" content=\"2021-12-03T21:22:31+00:00\" \/>\n<meta name=\"twitter:card\" content=\"summary_large_image\" \/>\n<meta name=\"twitter:label1\" content=\"Est. reading time\" \/>\n\t<meta name=\"twitter:data1\" content=\"2 minutes\" \/>\n<script type=\"application\/ld+json\" class=\"yoast-schema-graph\">{\"@context\":\"https:\/\/schema.org\",\"@graph\":[{\"@type\":\"WebPage\",\"@id\":\"https:\/\/avenida50.com\/termos-e-condicoes\/\",\"url\":\"https:\/\/avenida50.com\/termos-e-condicoes\/\",\"name\":\"Termos e condi\u00e7\u00f5es - Avenida 50\",\"isPartOf\":{\"@id\":\"https:\/\/avenida50.com\/#website\"},\"datePublished\":\"2021-11-30T10:10:34+00:00\",\"dateModified\":\"2021-12-03T21:22:31+00:00\",\"breadcrumb\":{\"@id\":\"https:\/\/avenida50.com\/termos-e-condicoes\/#breadcrumb\"},\"inLanguage\":\"en-US\",\"potentialAction\":[{\"@type\":\"ReadAction\",\"target\":[\"https:\/\/avenida50.com\/termos-e-condicoes\/\"]}]},{\"@type\":\"BreadcrumbList\",\"@id\":\"https:\/\/avenida50.com\/termos-e-condicoes\/#breadcrumb\",\"itemListElement\":[{\"@type\":\"ListItem\",\"position\":1,\"name\":\"In\u00edcio\",\"item\":\"https:\/\/avenida50.com\/\"},{\"@type\":\"ListItem\",\"position\":2,\"name\":\"Termos e condi\u00e7\u00f5es\"}]},{\"@type\":\"WebSite\",\"@id\":\"https:\/\/avenida50.com\/#website\",\"url\":\"https:\/\/avenida50.com\/\",\"name\":\"Avenida 50\",\"description\":\"You Have the Vision \\r\\nWe Make the Plan\",\"potentialAction\":[{\"@type\":\"SearchAction\",\"target\":{\"@type\":\"EntryPoint\",\"urlTemplate\":\"https:\/\/avenida50.com\/?s={search_term_string}\"},\"query-input\":\"required name=search_term_string\"}],\"inLanguage\":\"en-US\"}]}<\/script>\n<!-- \/ Yoast SEO plugin. -->","yoast_head_json":{"title":"Termos e condi\u00e7\u00f5es - Avenida 50","robots":{"index":"index","follow":"follow","max-snippet":"max-snippet:-1","max-image-preview":"max-image-preview:large","max-video-preview":"max-video-preview:-1"},"canonical":"https:\/\/avenida50.com\/en\/termos-e-condicoes\/","og_locale":"en_US","og_type":"article","og_title":"Termos e condi\u00e7\u00f5es - Avenida 50","og_description":"TERMOS E CONDI\u00c7\u00d5ES O presente documento estabele as condi\u00e7\u00f5es gerais de acesso de utiliza\u00e7\u00e3o do Website da Sociedade Avenida50, Lda,","og_url":"https:\/\/avenida50.com\/en\/termos-e-condicoes\/","og_site_name":"Avenida 50","article_modified_time":"2021-12-03T21:22:31+00:00","twitter_card":"summary_large_image","twitter_misc":{"Est. reading time":"2 minutes"},"schema":{"@context":"https:\/\/schema.org","@graph":[{"@type":"WebPage","@id":"https:\/\/avenida50.com\/termos-e-condicoes\/","url":"https:\/\/avenida50.com\/termos-e-condicoes\/","name":"Termos e condi\u00e7\u00f5es - Avenida 50","isPartOf":{"@id":"https:\/\/avenida50.com\/#website"},"datePublished":"2021-11-30T10:10:34+00:00","dateModified":"2021-12-03T21:22:31+00:00","breadcrumb":{"@id":"https:\/\/avenida50.com\/termos-e-condicoes\/#breadcrumb"},"inLanguage":"en-US","potentialAction":[{"@type":"ReadAction","target":["https:\/\/avenida50.com\/termos-e-condicoes\/"]}]},{"@type":"BreadcrumbList","@id":"https:\/\/avenida50.com\/termos-e-condicoes\/#breadcrumb","itemListElement":[{"@type":"ListItem","position":1,"name":"In\u00edcio","item":"https:\/\/avenida50.com\/"},{"@type":"ListItem","position":2,"name":"Termos e condi\u00e7\u00f5es"}]},{"@type":"WebSite","@id":"https:\/\/avenida50.com\/#website","url":"https:\/\/avenida50.com\/","name":"Avenida 50","description":"You Have the Vision \r\nWe Make the Plan","potentialAction":[{"@type":"SearchAction","target":{"@type":"EntryPoint","urlTemplate":"https:\/\/avenida50.com\/?s={search_term_string}"},"query-input":"required name=search_term_string"}],"inLanguage":"en-US"}]}},"_links":{"self":[{"href":"https:\/\/avenida50.com\/en\/wp-json\/wp\/v2\/pages\/9720","targetHints":{"allow":["GET"]}}],"collection":[{"href":"https:\/\/avenida50.com\/en\/wp-json\/wp\/v2\/pages"}],"about":[{"href":"https:\/\/avenida50.com\/en\/wp-json\/wp\/v2\/types\/page"}],"author":[{"embeddable":true,"href":"https:\/\/avenida50.com\/en\/wp-json\/wp\/v2\/users\/1"}],"replies":[{"embeddable":true,"href":"https:\/\/avenida50.com\/en\/wp-json\/wp\/v2\/comments?post=9720"}],"version-history":[{"count":7,"href":"https:\/\/avenida50.com\/en\/wp-json\/wp\/v2\/pages\/9720\/revisions"}],"predecessor-version":[{"id":10056,"href":"https:\/\/avenida50.com\/en\/wp-json\/wp\/v2\/pages\/9720\/revisions\/10056"}],"wp:attachment":[{"href":"https:\/\/avenida50.com\/en\/wp-json\/wp\/v2\/media?parent=9720"}],"curies":[{"name":"wp","href":"https:\/\/api.w.org\/{rel}","templated":true}]}}