{"id":9757,"date":"2021-11-30T10:50:48","date_gmt":"2021-11-30T10:50:48","guid":{"rendered":"https:\/\/hmdeveloper.com.pt\/avenida50\/?page_id=9757"},"modified":"2021-11-30T20:27:31","modified_gmt":"2021-11-30T20:27:31","slug":"eventos","status":"publish","type":"page","link":"https:\/\/avenida50.com\/en\/eventos\/","title":{"rendered":"Events"},"content":{"rendered":"<div data-elementor-type=\"wp-page\" data-elementor-id=\"9757\" class=\"elementor elementor-9757\">\n\t\t\t\t\t\t<section class=\"elementor-section elementor-top-section elementor-element elementor-element-2efdbd7f elementor-section-full_width elementor-section-stretched elementor-section-height-default elementor-section-height-default wd-section-disabled\" data-id=\"2efdbd7f\" data-element_type=\"section\" data-settings=\"{&quot;stretch_section&quot;:&quot;section-stretched&quot;}\">\n\t\t\t\t\t\t<div class=\"elementor-container elementor-column-gap-wider\">\n\t\t\t\t\t<div class=\"elementor-column elementor-col-100 elementor-top-column elementor-element elementor-element-2546e97e\" data-id=\"2546e97e\" data-element_type=\"column\">\n\t\t\t<div class=\"elementor-widget-wrap elementor-element-populated\">\n\t\t\t\t\t\t<div class=\"elementor-element elementor-element-7e305438 elementor-widget elementor-widget-wd_title\" data-id=\"7e305438\" data-element_type=\"widget\" data-widget_type=\"wd_title.default\">\n\t\t\t\t<div class=\"elementor-widget-container\">\n\t\t\t\t\t<div class=\"title-wrapper set-mb-s reset-last-child wd-title-color-default wd-title-style-default wd-title-size-large text-center\">\n\n\t\t\t\n\t\t\t<div class=\"liner-continer\">\n\t\t\t\t<h3 class=\"woodmart-title-container title wd-fontsize-xxl\">EVENTS<\/h3> \n\t\t\t\t\t\t\t<\/div>\n\n\t\t\t\t\t<\/div>\n\t\t\t\t<\/div>\n\t\t\t\t<\/div>\n\t\t\t\t<div class=\"elementor-element elementor-element-49f389bf elementor-widget elementor-widget-wd_title\" data-id=\"49f389bf\" data-element_type=\"widget\" data-widget_type=\"wd_title.default\">\n\t\t\t\t<div class=\"elementor-widget-container\">\n\t\t\t\t\t<div class=\"title-wrapper set-mb-s reset-last-child wd-title-color-default wd-title-style-default wd-title-size-large text-center\">\n\n\t\t\t\n\t\t\t<div class=\"liner-continer\">\n\t\t\t\t<h3 class=\"woodmart-title-container title wd-fontsize-xxl translation-block\">Comprehensive solutions implemented <br>\nwith professionalism and experience<\/h3> \n\t\t\t\t\t\t\t<\/div>\n\n\t\t\t\t\t<\/div>\n\t\t\t\t<\/div>\n\t\t\t\t<\/div>\n\t\t\t\t<div class=\"elementor-element elementor-element-1490641c text-center color-scheme-inherit elementor-widget elementor-widget-text-editor\" data-id=\"1490641c\" data-element_type=\"widget\" data-widget_type=\"text-editor.default\">\n\t\t\t\t<div class=\"elementor-widget-container\">\n\t\t\t<style>\/*! elementor - v3.20.0 - 26-03-2024 *\/\n.elementor-widget-text-editor.elementor-drop-cap-view-stacked .elementor-drop-cap{background-color:#69727d;color:#fff}.elementor-widget-text-editor.elementor-drop-cap-view-framed .elementor-drop-cap{color:#69727d;border:3px solid;background-color:transparent}.elementor-widget-text-editor:not(.elementor-drop-cap-view-default) .elementor-drop-cap{margin-top:8px}.elementor-widget-text-editor:not(.elementor-drop-cap-view-default) .elementor-drop-cap-letter{width:1em;height:1em}.elementor-widget-text-editor .elementor-drop-cap{float:left;text-align:center;line-height:1;font-size:50px}.elementor-widget-text-editor .elementor-drop-cap-letter{display:inline-block}<\/style>\t\t\t\t<p>We are a company with experience and an innovative approach, which sets it apart from all its competitors, thanks to the wide range of contacts in the sector.<\/p><p><em>We provide elegant solutions and meticulous planning of private and corporate events.<\/em><\/p>\t\t\t\t\t\t<\/div>\n\t\t\t\t<\/div>\n\t\t\t\t<div class=\"elementor-element elementor-element-56ae4e09 elementor-widget elementor-widget-wd_title\" data-id=\"56ae4e09\" data-element_type=\"widget\" data-widget_type=\"wd_title.default\">\n\t\t\t\t<div class=\"elementor-widget-container\">\n\t\t\t\t\t<div class=\"title-wrapper set-mb-s reset-last-child wd-title-color-default wd-title-style-default wd-title-size-large text-center\">\n\n\t\t\t\n\t\t\t<div class=\"liner-continer\">\n\t\t\t\t<h3 class=\"woodmart-title-container title wd-fontsize-xxl translation-block\">BE INSPIRED<br>\nTRUST<br>\nOR IF<\/h3> \n\t\t\t\t\t\t\t<\/div>\n\n\t\t\t\t\t<\/div>\n\t\t\t\t<\/div>\n\t\t\t\t<\/div>\n\t\t\t\t<div class=\"elementor-element elementor-element-6facdcb text-center color-scheme-inherit elementor-widget elementor-widget-text-editor\" data-id=\"6facdcb\" data-element_type=\"widget\" data-widget_type=\"text-editor.default\">\n\t\t\t\t<div class=\"elementor-widget-container\">\n\t\t\t\t\t\t\tAnd let your moment happen<br>\nInnovative, Unrepeatable, Memorable\t\t\t\t\t\t<\/div>\n\t\t\t\t<\/div>\n\t\t\t\t\t<\/div>\n\t\t<\/div>\n\t\t\t\t\t<\/div>\n\t\t<\/section>\n\t\t\t\t<section class=\"elementor-section elementor-top-section elementor-element elementor-element-14bdeea4 elementor-section-stretched elementor-section-boxed elementor-section-height-default elementor-section-height-default wd-section-disabled\" data-id=\"14bdeea4\" data-element_type=\"section\" data-settings=\"{&quot;stretch_section&quot;:&quot;section-stretched&quot;,&quot;background_background&quot;:&quot;classic&quot;}\">\n\t\t\t\t\t\t<div class=\"elementor-container elementor-column-gap-default\">\n\t\t\t\t\t<div class=\"elementor-column elementor-col-33 elementor-top-column elementor-element elementor-element-55290867\" data-id=\"55290867\" data-element_type=\"column\">\n\t\t\t<div class=\"elementor-widget-wrap elementor-element-populated\">\n\t\t\t\t\t\t<div class=\"elementor-element elementor-element-279c9211 elementor-widget elementor-widget-wd_title\" data-id=\"279c9211\" data-element_type=\"widget\" data-widget_type=\"wd_title.default\">\n\t\t\t\t<div class=\"elementor-widget-container\">\n\t\t\t\t\t<div class=\"title-wrapper set-mb-s reset-last-child wd-title-color-default wd-title-style-default wd-title-size-large text-center\">\n\n\t\t\t\n\t\t\t<div class=\"liner-continer\">\n\t\t\t\t<h4 class=\"woodmart-title-container title wd-fontsize-xxl\">PRIVATE EVENTS<\/h4> \n\t\t\t\t\t\t\t<\/div>\n\n\t\t\t\t\t\t\t<div class=\"title-after_title set-cont-mb-s reset-last-child wd-fontsize-s\">\n\t\t\t\t\t<p>Life's important moments are the best pretext for an amazing celebration.<\/p><p>We convert your ideas into an impactful experience that will impress even the most demanding guest.<\/p>\t\t\t\t<\/div>\n\t\t\t\t\t<\/div>\n\t\t\t\t<\/div>\n\t\t\t\t<\/div>\n\t\t\t\t\t<\/div>\n\t\t<\/div>\n\t\t\t\t<div class=\"elementor-column elementor-col-33 elementor-top-column elementor-element elementor-element-2ef28c08\" data-id=\"2ef28c08\" data-element_type=\"column\">\n\t\t\t<div class=\"elementor-widget-wrap elementor-element-populated\">\n\t\t\t\t\t\t<div class=\"elementor-element elementor-element-67cb0ec7 elementor-widget elementor-widget-wd_title\" data-id=\"67cb0ec7\" data-element_type=\"widget\" data-widget_type=\"wd_title.default\">\n\t\t\t\t<div class=\"elementor-widget-container\">\n\t\t\t\t\t<div class=\"title-wrapper set-mb-s reset-last-child wd-title-color-default wd-title-style-default wd-title-size-large text-center\">\n\n\t\t\t\n\t\t\t<div class=\"liner-continer\">\n\t\t\t\t<h4 class=\"woodmart-title-container title wd-fontsize-xxl\">CORPORATE EVENTS<\/h4> \n\t\t\t\t\t\t\t<\/div>\n\n\t\t\t\t\t\t\t<div class=\"title-after_title set-cont-mb-s reset-last-child wd-fontsize-s\">\n\t\t\t\t\t<p class=\" translation-block\">The greatest assets of Companies and Institutions are the women and men who invest their talent there.<br>We offer solutions for planning, designing and executing events that drive motivated teams and customers<\/p>\t\t\t\t<\/div>\n\t\t\t\t\t<\/div>\n\t\t\t\t<\/div>\n\t\t\t\t<\/div>\n\t\t\t\t\t<\/div>\n\t\t<\/div>\n\t\t\t\t<div class=\"elementor-column elementor-col-33 elementor-top-column elementor-element elementor-element-5ee32d91\" data-id=\"5ee32d91\" data-element_type=\"column\">\n\t\t\t<div class=\"elementor-widget-wrap elementor-element-populated\">\n\t\t\t\t\t\t<div class=\"elementor-element elementor-element-4d866faf elementor-widget elementor-widget-wd_title\" data-id=\"4d866faf\" data-element_type=\"widget\" data-widget_type=\"wd_title.default\">\n\t\t\t\t<div class=\"elementor-widget-container\">\n\t\t\t\t\t<div class=\"title-wrapper set-mb-s reset-last-child wd-title-color-default wd-title-style-default wd-title-size-large text-center\">\n\n\t\t\t\n\t\t\t<div class=\"liner-continer\">\n\t\t\t\t<h3 class=\"woodmart-title-container title wd-fontsize-xxl\">CONSULTANCY<\/h3> \n\t\t\t\t\t\t\t<\/div>\n\n\t\t\t\t\t\t\t<div class=\"title-after_title set-cont-mb-s reset-last-child wd-fontsize-s\">\n\t\t\t\t\t<p>We favor personal contact with the Client in the entire consultancy process prior to the event.<\/p><p>We ensure complete confidentiality and guarantee that each Client's project is unique.<\/p>\t\t\t\t<\/div>\n\t\t\t\t\t<\/div>\n\t\t\t\t<\/div>\n\t\t\t\t<\/div>\n\t\t\t\t\t<\/div>\n\t\t<\/div>\n\t\t\t\t\t<\/div>\n\t\t<\/section>\n\t\t\t\t<section class=\"elementor-section elementor-top-section elementor-element elementor-element-4e05d3be elementor-section-boxed elementor-section-height-default elementor-section-height-default wd-section-disabled\" data-id=\"4e05d3be\" data-element_type=\"section\">\n\t\t\t\t\t\t<div class=\"elementor-container elementor-column-gap-default\">\n\t\t\t\t\t<div class=\"elementor-column elementor-col-100 elementor-top-column elementor-element elementor-element-796b1ac3\" data-id=\"796b1ac3\" data-element_type=\"column\">\n\t\t\t<div class=\"elementor-widget-wrap elementor-element-populated\">\n\t\t\t\t\t\t<div class=\"elementor-element elementor-element-10ffc51c elementor-widget elementor-widget-wd_title\" data-id=\"10ffc51c\" data-element_type=\"widget\" data-widget_type=\"wd_title.default\">\n\t\t\t\t<div class=\"elementor-widget-container\">\n\t\t\t\t\t<div class=\"title-wrapper set-mb-s reset-last-child wd-title-color-default wd-title-style-default wd-title-size-large text-center\">\n\n\t\t\t\n\t\t\t<div class=\"liner-continer\">\n\t\t\t\t<h3 class=\"woodmart-title-container title wd-fontsize-xxl\">CONTACT FORM<\/h3> \n\t\t\t\t\t\t\t<\/div>\n\n\t\t\t\t\t<\/div>\n\t\t\t\t<\/div>\n\t\t\t\t<\/div>\n\t\t\t\t<div class=\"elementor-element elementor-element-5ffbe500 elementor-widget elementor-widget-wd_contact_form_7\" data-id=\"5ffbe500\" data-element_type=\"widget\" data-widget_type=\"wd_contact_form_7.default\">\n\t\t\t\t<div class=\"elementor-widget-container\">\n\t\t\t\n<div class=\"wpcf7 no-js\" id=\"wpcf7-f9716-o1\" lang=\"pt-PT\" dir=\"ltr\">\n<div class=\"screen-reader-response\"><p role=\"status\" aria-live=\"polite\" aria-atomic=\"true\"><\/p> <ul><\/ul><\/div>\n<form action=\"\/en\/wp-json\/wp\/v2\/pages\/9757#wpcf7-f9716-o1\" method=\"post\" class=\"wpcf7-form init\" aria-label=\"Formul\u00e1rio de contacto\" novalidate=\"novalidate\" data-status=\"init\" data-trp-original-action=\"\/en\/wp-json\/wp\/v2\/pages\/9757#wpcf7-f9716-o1\">\n<div style=\"display: none;\">\n<input type=\"hidden\" name=\"_wpcf7\" value=\"9716\" \/>\n<input type=\"hidden\" name=\"_wpcf7_version\" value=\"5.9.3\" \/>\n<input type=\"hidden\" name=\"_wpcf7_locale\" value=\"pt_PT\" \/>\n<input type=\"hidden\" name=\"_wpcf7_unit_tag\" value=\"wpcf7-f9716-o1\" \/>\n<input type=\"hidden\" name=\"_wpcf7_container_post\" value=\"0\" \/>\n<input type=\"hidden\" name=\"_wpcf7_posted_data_hash\" value=\"\" \/>\n<\/div>\n<p><label> Name<br \/>\n<span class=\"wpcf7-form-control-wrap\" data-name=\"your-name\"><input size=\"40\" class=\"wpcf7-form-control wpcf7-text wpcf7-validates-as-required\" aria-required=\"true\" aria-invalid=\"false\" value=\"\" type=\"text\" name=\"your-name\" \/><\/span> <\/label>\n<\/p>\n<p><label> Phone<br \/>\n<span class=\"wpcf7-form-control-wrap\" data-name=\"your-phone\"><input size=\"40\" class=\"wpcf7-form-control wpcf7-text wpcf7-validates-as-required\" aria-required=\"true\" aria-invalid=\"false\" value=\"\" type=\"text\" name=\"your-phone\" \/><\/span> <\/label>\n<\/p>\n<p><label> Email<br \/>\n<span class=\"wpcf7-form-control-wrap\" data-name=\"your-email\"><input size=\"40\" class=\"wpcf7-form-control wpcf7-email wpcf7-validates-as-required wpcf7-text wpcf7-validates-as-email\" aria-required=\"true\" aria-invalid=\"false\" value=\"\" type=\"email\" name=\"your-email\" \/><\/span> <\/label>\n<\/p>\n<p><label> Subject<br \/>\n<span class=\"wpcf7-form-control-wrap\" data-name=\"your-subject\"><input size=\"40\" class=\"wpcf7-form-control wpcf7-text wpcf7-validates-as-required\" aria-required=\"true\" aria-invalid=\"false\" value=\"\" type=\"text\" name=\"your-subject\" \/><\/span> <\/label>\n<\/p>\n<p><label> Message<br \/>\n<span class=\"wpcf7-form-control-wrap\" data-name=\"your-message\"><textarea cols=\"40\" rows=\"10\" class=\"wpcf7-form-control wpcf7-textarea\" aria-invalid=\"false\" name=\"your-message\"><\/textarea><\/span> <\/label>\n<\/p>\n<p><input class=\"wpcf7-form-control wpcf7-submit has-spinner\" type=\"submit\" value=\"Send\" \/>\n<\/p><p style=\"display: none !important;\" class=\"akismet-fields-container\" data-prefix=\"_wpcf7_ak_\"><label>&#916;<textarea name=\"_wpcf7_ak_hp_textarea\" cols=\"45\" rows=\"8\" maxlength=\"100\"><\/textarea><\/label><input type=\"hidden\" id=\"ak_js_1\" name=\"_wpcf7_ak_js\" value=\"101\"\/><script>document.getElementById( \"ak_js_1\" ).setAttribute( \"value\", ( new Date() ).getTime() );<\/script><\/p><div class=\"wpcf7-response-output\" aria-hidden=\"true\"><\/div>\n<input type=\"hidden\" name=\"trp-form-language\" value=\"en\"\/><\/form>\n<\/div>\n\t\t<\/div>\n\t\t\t\t<\/div>\n\t\t\t\t\t<\/div>\n\t\t<\/div>\n\t\t\t\t\t<\/div>\n\t\t<\/section>\n\t\t\t\t<section class=\"elementor-section elementor-top-section elementor-element elementor-element-40f49341 elementor-section-content-middle elementor-hidden-desktop elementor-hidden-tablet elementor-hidden-mobile elementor-section-boxed elementor-section-height-default elementor-section-height-default wd-section-disabled\" data-id=\"40f49341\" data-element_type=\"section\">\n\t\t\t\t\t\t<div class=\"elementor-container elementor-column-gap-extended\">\n\t\t\t\t\t<div class=\"elementor-column elementor-col-50 elementor-top-column elementor-element elementor-element-455aaf74\" data-id=\"455aaf74\" data-element_type=\"column\">\n\t\t\t<div class=\"elementor-widget-wrap elementor-element-populated\">\n\t\t\t\t\t\t<div class=\"elementor-element elementor-element-22008e47 elementor-widget elementor-widget-wd_popup\" data-id=\"22008e47\" data-element_type=\"widget\" data-widget_type=\"wd_popup.default\">\n\t\t\t\t<div class=\"elementor-widget-container\">\n\t\t\t\t\t\t\t<div class=\"wd-button-wrapper woodmart-button-wrapper text-center\" >\n\t\t\t<a class=\"btn btn-style-bordered btn-shape-rectangle btn-size-default wd-open-popup btn-color-default btn-icon-pos-right\"  href=\"#\">\n\t\t\t\t<span class=\"wd-btn-text\" data-elementor-setting-key=\"text\">\n\t\t\t\t\t\t\t\t\t<\/span>\n\n\t\t\t\t\t\t\t<\/a>\n\t\t<\/div>\n\t\t\t\t\t\t\t\t<\/div>\n\t\t\t\t<\/div>\n\t\t\t\t\t<\/div>\n\t\t<\/div>\n\t\t\t\t<div class=\"elementor-column elementor-col-50 elementor-top-column elementor-element elementor-element-60969988\" data-id=\"60969988\" data-element_type=\"column\">\n\t\t\t<div class=\"elementor-widget-wrap\">\n\t\t\t\t\t\t\t<\/div>\n\t\t<\/div>\n\t\t\t\t\t<\/div>\n\t\t<\/section>\n\t\t\t\t<section class=\"elementor-section elementor-top-section elementor-element elementor-element-5c64abf9 wd-section-stretch elementor-hidden-desktop elementor-hidden-tablet elementor-hidden-mobile elementor-section-boxed elementor-section-height-default elementor-section-height-default\" data-id=\"5c64abf9\" data-element_type=\"section\" data-settings=\"{&quot;background_background&quot;:&quot;classic&quot;}\">\n\t\t\t\t\t\t<div class=\"elementor-container elementor-column-gap-default\">\n\t\t\t\t\t<div class=\"elementor-column elementor-col-50 elementor-top-column elementor-element elementor-element-725b917c\" data-id=\"725b917c\" data-element_type=\"column\">\n\t\t\t<div class=\"elementor-widget-wrap elementor-element-populated\">\n\t\t\t\t\t\t<div class=\"elementor-element elementor-element-1ee41209 elementor-widget elementor-widget-wd_popup\" data-id=\"1ee41209\" data-element_type=\"widget\" data-widget_type=\"wd_popup.default\">\n\t\t\t\t<div class=\"elementor-widget-container\">\n\t\t\t\t\t\t\t<div class=\"wd-button-wrapper woodmart-button-wrapper text-center\" >\n\t\t\t<a class=\"btn btn-style-bordered btn-shape-rectangle btn-size-default wd-open-popup btn-color-default btn-icon-pos-right\"  href=\"#popup-5eec9f61afa34\">\n\t\t\t\t<span class=\"wd-btn-text\" data-elementor-setting-key=\"text\">\n\t\t\t\t\tWRITE A MESSAGE\t\t\t\t<\/span>\n\n\t\t\t\t\t\t\t<\/a>\n\t\t<\/div>\n\t\t\t\t\t\t\t<div id=\"popup-5eec9f61afa34\" class=\"mfp-with-anim wd-popup mfp-hide woodmart-content-popup\" style=\"max-width:900px;\">\n\t\t\t\t<div class=\"wd-popup-inner\">\n\t\t\t\t\t\t\t\t\t<\/div>\n\t\t\t<\/div>\n\t\t\t\t\t\t<\/div>\n\t\t\t\t<\/div>\n\t\t\t\t\t<\/div>\n\t\t<\/div>\n\t\t\t\t\t<\/div>\n\t\t<\/section>\n\t\t\t\t<section class=\"elementor-section elementor-top-section elementor-element elementor-element-104ccb5a elementor-section-boxed elementor-section-height-default elementor-section-height-default wd-section-disabled\" data-id=\"104ccb5a\" data-element_type=\"section\">\n\t\t\t\t\t\t<div class=\"elementor-container elementor-column-gap-default\">\n\t\t\t\t\t<div class=\"elementor-column elementor-col-100 elementor-top-column elementor-element elementor-element-50d65c36\" data-id=\"50d65c36\" data-element_type=\"column\">\n\t\t\t<div class=\"elementor-widget-wrap\">\n\t\t\t\t\t\t\t<\/div>\n\t\t<\/div>\n\t\t\t\t\t<\/div>\n\t\t<\/section>\n\t\t\t\t<\/div>","protected":false},"excerpt":{"rendered":"<p>EVENTOS Solu\u00e7\u00f5es abrangentes concretizadas com profissionalismo e experi\u00eancia Somos uma empresa com experi\u00eancia e uma abordagem inovadora, que a diferencia<\/p>","protected":false},"author":1,"featured_media":0,"parent":0,"menu_order":0,"comment_status":"closed","ping_status":"closed","template":"","meta":{"footnotes":""},"class_list":["post-9757","page","type-page","status-publish","hentry"],"yoast_head":"<!-- This site is optimized with the Yoast SEO plugin v22.3 - https:\/\/yoast.com\/wordpress\/plugins\/seo\/ -->\n<title>Eventos - Avenida 50<\/title>\n<meta name=\"robots\" content=\"index, follow, max-snippet:-1, max-image-preview:large, max-video-preview:-1\" \/>\n<link rel=\"canonical\" href=\"https:\/\/avenida50.com\/en\/eventos\/\" \/>\n<meta property=\"og:locale\" content=\"en_US\" \/>\n<meta property=\"og:type\" content=\"article\" \/>\n<meta property=\"og:title\" content=\"Eventos - Avenida 50\" \/>\n<meta property=\"og:description\" content=\"EVENTOS Solu\u00e7\u00f5es abrangentes concretizadas com profissionalismo e experi\u00eancia Somos uma empresa com experi\u00eancia e uma abordagem inovadora, que a diferencia\" \/>\n<meta property=\"og:url\" content=\"https:\/\/avenida50.com\/en\/eventos\/\" \/>\n<meta property=\"og:site_name\" content=\"Avenida 50\" \/>\n<meta property=\"article:modified_time\" content=\"2021-11-30T20:27:31+00:00\" \/>\n<meta property=\"og:image\" content=\"http:\/\/dummy.xtemos.com\/woodmart-elementor\/wp-content\/uploads\/2017\/06\/chair.svg\" \/>\n<meta name=\"twitter:card\" content=\"summary_large_image\" \/>\n<meta name=\"twitter:label1\" content=\"Est. reading time\" \/>\n\t<meta name=\"twitter:data1\" content=\"3 minutes\" \/>\n<script type=\"application\/ld+json\" class=\"yoast-schema-graph\">{\"@context\":\"https:\/\/schema.org\",\"@graph\":[{\"@type\":\"WebPage\",\"@id\":\"https:\/\/avenida50.com\/eventos\/\",\"url\":\"https:\/\/avenida50.com\/eventos\/\",\"name\":\"Eventos - Avenida 50\",\"isPartOf\":{\"@id\":\"https:\/\/avenida50.com\/#website\"},\"primaryImageOfPage\":{\"@id\":\"https:\/\/avenida50.com\/eventos\/#primaryimage\"},\"image\":{\"@id\":\"https:\/\/avenida50.com\/eventos\/#primaryimage\"},\"thumbnailUrl\":\"http:\/\/dummy.xtemos.com\/woodmart-elementor\/wp-content\/uploads\/2017\/06\/chair.svg\",\"datePublished\":\"2021-11-30T10:50:48+00:00\",\"dateModified\":\"2021-11-30T20:27:31+00:00\",\"breadcrumb\":{\"@id\":\"https:\/\/avenida50.com\/eventos\/#breadcrumb\"},\"inLanguage\":\"en-US\",\"potentialAction\":[{\"@type\":\"ReadAction\",\"target\":[\"https:\/\/avenida50.com\/eventos\/\"]}]},{\"@type\":\"ImageObject\",\"inLanguage\":\"en-US\",\"@id\":\"https:\/\/avenida50.com\/eventos\/#primaryimage\",\"url\":\"http:\/\/dummy.xtemos.com\/woodmart-elementor\/wp-content\/uploads\/2017\/06\/chair.svg\",\"contentUrl\":\"http:\/\/dummy.xtemos.com\/woodmart-elementor\/wp-content\/uploads\/2017\/06\/chair.svg\"},{\"@type\":\"BreadcrumbList\",\"@id\":\"https:\/\/avenida50.com\/eventos\/#breadcrumb\",\"itemListElement\":[{\"@type\":\"ListItem\",\"position\":1,\"name\":\"In\u00edcio\",\"item\":\"https:\/\/avenida50.com\/\"},{\"@type\":\"ListItem\",\"position\":2,\"name\":\"Eventos\"}]},{\"@type\":\"WebSite\",\"@id\":\"https:\/\/avenida50.com\/#website\",\"url\":\"https:\/\/avenida50.com\/\",\"name\":\"Avenida 50\",\"description\":\"You Have the Vision \\r\\nWe Make the Plan\",\"potentialAction\":[{\"@type\":\"SearchAction\",\"target\":{\"@type\":\"EntryPoint\",\"urlTemplate\":\"https:\/\/avenida50.com\/?s={search_term_string}\"},\"query-input\":\"required name=search_term_string\"}],\"inLanguage\":\"en-US\"}]}<\/script>\n<!-- \/ Yoast SEO plugin. -->","yoast_head_json":{"title":"Eventos - Avenida 50","robots":{"index":"index","follow":"follow","max-snippet":"max-snippet:-1","max-image-preview":"max-image-preview:large","max-video-preview":"max-video-preview:-1"},"canonical":"https:\/\/avenida50.com\/en\/eventos\/","og_locale":"en_US","og_type":"article","og_title":"Eventos - Avenida 50","og_description":"EVENTOS Solu\u00e7\u00f5es abrangentes concretizadas com profissionalismo e experi\u00eancia Somos uma empresa com experi\u00eancia e uma abordagem inovadora, que a diferencia","og_url":"https:\/\/avenida50.com\/en\/eventos\/","og_site_name":"Avenida 50","article_modified_time":"2021-11-30T20:27:31+00:00","og_image":[{"url":"http:\/\/dummy.xtemos.com\/woodmart-elementor\/wp-content\/uploads\/2017\/06\/chair.svg"}],"twitter_card":"summary_large_image","twitter_misc":{"Est. reading time":"3 minutes"},"schema":{"@context":"https:\/\/schema.org","@graph":[{"@type":"WebPage","@id":"https:\/\/avenida50.com\/eventos\/","url":"https:\/\/avenida50.com\/eventos\/","name":"Eventos - Avenida 50","isPartOf":{"@id":"https:\/\/avenida50.com\/#website"},"primaryImageOfPage":{"@id":"https:\/\/avenida50.com\/eventos\/#primaryimage"},"image":{"@id":"https:\/\/avenida50.com\/eventos\/#primaryimage"},"thumbnailUrl":"http:\/\/dummy.xtemos.com\/woodmart-elementor\/wp-content\/uploads\/2017\/06\/chair.svg","datePublished":"2021-11-30T10:50:48+00:00","dateModified":"2021-11-30T20:27:31+00:00","breadcrumb":{"@id":"https:\/\/avenida50.com\/eventos\/#breadcrumb"},"inLanguage":"en-US","potentialAction":[{"@type":"ReadAction","target":["https:\/\/avenida50.com\/eventos\/"]}]},{"@type":"ImageObject","inLanguage":"en-US","@id":"https:\/\/avenida50.com\/eventos\/#primaryimage","url":"http:\/\/dummy.xtemos.com\/woodmart-elementor\/wp-content\/uploads\/2017\/06\/chair.svg","contentUrl":"http:\/\/dummy.xtemos.com\/woodmart-elementor\/wp-content\/uploads\/2017\/06\/chair.svg"},{"@type":"BreadcrumbList","@id":"https:\/\/avenida50.com\/eventos\/#breadcrumb","itemListElement":[{"@type":"ListItem","position":1,"name":"In\u00edcio","item":"https:\/\/avenida50.com\/"},{"@type":"ListItem","position":2,"name":"Eventos"}]},{"@type":"WebSite","@id":"https:\/\/avenida50.com\/#website","url":"https:\/\/avenida50.com\/","name":"Avenida 50","description":"You Have the Vision \r\nWe Make the Plan","potentialAction":[{"@type":"SearchAction","target":{"@type":"EntryPoint","urlTemplate":"https:\/\/avenida50.com\/?s={search_term_string}"},"query-input":"required name=search_term_string"}],"inLanguage":"en-US"}]}},"_links":{"self":[{"href":"https:\/\/avenida50.com\/en\/wp-json\/wp\/v2\/pages\/9757","targetHints":{"allow":["GET"]}}],"collection":[{"href":"https:\/\/avenida50.com\/en\/wp-json\/wp\/v2\/pages"}],"about":[{"href":"https:\/\/avenida50.com\/en\/wp-json\/wp\/v2\/types\/page"}],"author":[{"embeddable":true,"href":"https:\/\/avenida50.com\/en\/wp-json\/wp\/v2\/users\/1"}],"replies":[{"embeddable":true,"href":"https:\/\/avenida50.com\/en\/wp-json\/wp\/v2\/comments?post=9757"}],"version-history":[{"count":7,"href":"https:\/\/avenida50.com\/en\/wp-json\/wp\/v2\/pages\/9757\/revisions"}],"predecessor-version":[{"id":9974,"href":"https:\/\/avenida50.com\/en\/wp-json\/wp\/v2\/pages\/9757\/revisions\/9974"}],"wp:attachment":[{"href":"https:\/\/avenida50.com\/en\/wp-json\/wp\/v2\/media?parent=9757"}],"curies":[{"name":"wp","href":"https:\/\/api.w.org\/{rel}","templated":true}]}}